{"id":30,"date":"2011-04-27T12:26:34","date_gmt":"2011-04-27T12:26:34","guid":{"rendered":"http:\/\/aktuell.artsteps.de\/?page_id=30"},"modified":"2011-05-05T14:05:37","modified_gmt":"2011-05-05T14:05:37","slug":"presse","status":"publish","type":"page","link":"https:\/\/www.artsteps.de\/?page_id=30","title":{"rendered":"Presse"},"content":{"rendered":"<div id='gallery-1' class='gallery galleryid-30 gallery-columns-3 gallery-size-thumbnail'><dl class='gallery-item'>\n\t\t\t<dt class='gallery-icon landscape'>\n\t\t\t\t<a href='https:\/\/www.artsteps.de\/wp-content\/uploads\/2011\/04\/stiefel_freund.jpg'><img loading=\"lazy\" decoding=\"async\" width=\"150\" height=\"150\" src=\"https:\/\/www.artsteps.de\/wp-content\/uploads\/2011\/04\/stiefel_freund-150x150.jpg\" class=\"attachment-thumbnail size-thumbnail\" alt=\"\" aria-describedby=\"gallery-1-85\" \/><\/a>\n\t\t\t<\/dt>\n\t\t\t\t<dd class='wp-caption-text gallery-caption' id='gallery-1-85'>\n\t\t\t\tArtikel in der Zeitschrift &#8222;Freundin&#8220;\n\t\t\t\t<\/dd><\/dl><dl class='gallery-item'>\n\t\t\t<dt class='gallery-icon landscape'>\n\t\t\t\t<a href='https:\/\/www.artsteps.de\/wp-content\/uploads\/2011\/04\/stiefel_freund2.jpg'><img loading=\"lazy\" decoding=\"async\" width=\"150\" height=\"150\" src=\"https:\/\/www.artsteps.de\/wp-content\/uploads\/2011\/04\/stiefel_freund2-150x150.jpg\" class=\"attachment-thumbnail size-thumbnail\" alt=\"\" aria-describedby=\"gallery-1-86\" \/><\/a>\n\t\t\t<\/dt>\n\t\t\t\t<dd class='wp-caption-text gallery-caption' id='gallery-1-86'>\n\t\t\t\tArtikel in der Zeitschrift &#8222;Freundin&#8220;\n\t\t\t\t<\/dd><\/dl><dl class='gallery-item'>\n\t\t\t<dt class='gallery-icon portrait'>\n\t\t\t\t<a href='https:\/\/www.artsteps.de\/wp-content\/uploads\/2011\/04\/stiefel_sz.jpg'><img loading=\"lazy\" decoding=\"async\" width=\"150\" height=\"150\" src=\"https:\/\/www.artsteps.de\/wp-content\/uploads\/2011\/04\/stiefel_sz-150x150.jpg\" class=\"attachment-thumbnail size-thumbnail\" alt=\"\" aria-describedby=\"gallery-1-93\" \/><\/a>\n\t\t\t<\/dt>\n\t\t\t\t<dd class='wp-caption-text gallery-caption' id='gallery-1-93'>\n\t\t\t\tArtikel in der &#8222;S\u00fcddeutschen Zeitung&#8220;\n\t\t\t\t<\/dd><\/dl><br style=\"clear: both\" \/><dl class='gallery-item'>\n\t\t\t<dt class='gallery-icon landscape'>\n\t\t\t\t<a href='https:\/\/www.artsteps.de\/wp-content\/uploads\/2011\/04\/stiefel_sonn_2001.jpg'><img loading=\"lazy\" decoding=\"async\" width=\"150\" height=\"150\" src=\"https:\/\/www.artsteps.de\/wp-content\/uploads\/2011\/04\/stiefel_sonn_2001-150x150.jpg\" class=\"attachment-thumbnail size-thumbnail\" alt=\"\" aria-describedby=\"gallery-1-94\" \/><\/a>\n\t\t\t<\/dt>\n\t\t\t\t<dd class='wp-caption-text gallery-caption' id='gallery-1-94'>\n\t\t\t\tArtikel im &#8222;Sonntagsblatt&#8220;\n\t\t\t\t<\/dd><\/dl><dl class='gallery-item'>\n\t\t\t<dt class='gallery-icon portrait'>\n\t\t\t\t<a href='https:\/\/www.artsteps.de\/wp-content\/uploads\/2011\/04\/lore_az12.jpg'><img loading=\"lazy\" decoding=\"async\" width=\"150\" height=\"150\" src=\"https:\/\/www.artsteps.de\/wp-content\/uploads\/2011\/04\/lore_az12-150x150.jpg\" class=\"attachment-thumbnail size-thumbnail\" alt=\"\" aria-describedby=\"gallery-1-102\" \/><\/a>\n\t\t\t<\/dt>\n\t\t\t\t<dd class='wp-caption-text gallery-caption' id='gallery-1-102'>\n\t\t\t\tArtikel in der &#8222;Augsburger Allgemeinen&#8220;\n\t\t\t\t<\/dd><\/dl><dl class='gallery-item'>\n\t\t\t<dt class='gallery-icon portrait'>\n\t\t\t\t<a href='https:\/\/www.artsteps.de\/wp-content\/uploads\/2011\/04\/lore_bonn_rund_20011.jpg'><img loading=\"lazy\" decoding=\"async\" width=\"150\" height=\"150\" src=\"https:\/\/www.artsteps.de\/wp-content\/uploads\/2011\/04\/lore_bonn_rund_20011-150x150.jpg\" class=\"attachment-thumbnail size-thumbnail\" alt=\"\" aria-describedby=\"gallery-1-103\" \/><\/a>\n\t\t\t<\/dt>\n\t\t\t\t<dd class='wp-caption-text gallery-caption' id='gallery-1-103'>\n\t\t\t\tArtikel in der &#8222;Bonner Rundschau&#8220;\n\t\t\t\t<\/dd><\/dl><br style=\"clear: both\" \/><dl class='gallery-item'>\n\t\t\t<dt class='gallery-icon landscape'>\n\t\t\t\t<a href='https:\/\/www.artsteps.de\/wp-content\/uploads\/2011\/04\/lore_general1.jpg'><img loading=\"lazy\" decoding=\"async\" width=\"150\" height=\"150\" src=\"https:\/\/www.artsteps.de\/wp-content\/uploads\/2011\/04\/lore_general1-150x150.jpg\" class=\"attachment-thumbnail size-thumbnail\" alt=\"\" aria-describedby=\"gallery-1-104\" \/><\/a>\n\t\t\t<\/dt>\n\t\t\t\t<dd class='wp-caption-text gallery-caption' id='gallery-1-104'>\n\t\t\t\tArtikel im &#8222;Generalanzeiger&#8220;\n\t\t\t\t<\/dd><\/dl><dl class='gallery-item'>\n\t\t\t<dt class='gallery-icon landscape'>\n\t\t\t\t<a href='https:\/\/www.artsteps.de\/wp-content\/uploads\/2011\/04\/lore_koeln_blitz.jpg'><img loading=\"lazy\" decoding=\"async\" width=\"150\" height=\"150\" src=\"https:\/\/www.artsteps.de\/wp-content\/uploads\/2011\/04\/lore_koeln_blitz-150x150.jpg\" class=\"attachment-thumbnail size-thumbnail\" alt=\"\" aria-describedby=\"gallery-1-105\" \/><\/a>\n\t\t\t<\/dt>\n\t\t\t\t<dd class='wp-caption-text gallery-caption' id='gallery-1-105'>\n\t\t\t\tArtikel im &#8222;K\u00f6lner Blitz&#8220;\n\t\t\t\t<\/dd><\/dl><dl class='gallery-item'>\n\t\t\t<dt class='gallery-icon portrait'>\n\t\t\t\t<a href='https:\/\/www.artsteps.de\/wp-content\/uploads\/2011\/04\/lore_konstanz.jpg'><img loading=\"lazy\" decoding=\"async\" width=\"150\" height=\"150\" src=\"https:\/\/www.artsteps.de\/wp-content\/uploads\/2011\/04\/lore_konstanz-150x150.jpg\" class=\"attachment-thumbnail size-thumbnail\" alt=\"\" aria-describedby=\"gallery-1-106\" \/><\/a>\n\t\t\t<\/dt>\n\t\t\t\t<dd class='wp-caption-text gallery-caption' id='gallery-1-106'>\n\t\t\t\tArtikel im &#8222;Konztanzer Anzeiger&#8220;\n\t\t\t\t<\/dd><\/dl><br style=\"clear: both\" \/>\n\t\t<\/div>\n\n<p>MDR, TV M\u00fcnchen, TV Schwaben, div. Berichterstattungen \u00fcber Leipziger Buchmesse und das UNESCO-Weltkulturerbe<br \/>\nau\u00dferdem diverse Radiointerviews (z.B. Bayerischer Rundfunk, SWR4, MDR, &#8230;)<\/p>\n<p>Weitere Erw\u00e4hnungen:<br \/>\nVogue, Amica, Ouest France, Artur &#8211; Kunstmagazin, Belser Kunstquartal<br \/>\nBigraph &#8211; D\u00fcsseldorf, Neuaubinger Zeitung, Die Tageszeitung,<br \/>\nAllgemeine Zeitung Mainz, Rheinzeitung, Rhein-Lahnzeitung<br \/>\nS\u00e4chsische Zeitung, Berliner Morgenpost, Augsburgjournal<br \/>\nAichacher Allgemeine, Aichacher Anzeiger<\/p>\n","protected":false},"excerpt":{"rendered":"<p>MDR, TV M\u00fcnchen, TV Schwaben, div. Berichterstattungen \u00fcber Leipziger Buchmesse und das UNESCO-Weltkulturerbe au\u00dferdem diverse Radiointerviews (z.B. Bayerischer Rundfunk, SWR4, MDR, &#8230;) Weitere Erw\u00e4hnungen: Vogue, Amica, Ouest France, Artur &#8211; Kunstmagazin, Belser Kunstquartal Bigraph &#8211; D\u00fcsseldorf, Neuaubinger Zeitung, Die Tageszeitung, &hellip; <a href=\"https:\/\/www.artsteps.de\/?page_id=30\">Weiterlesen <span class=\"meta-nav\">&rarr;<\/span><\/a><\/p>\n","protected":false},"author":4,"featured_media":0,"parent":0,"menu_order":0,"comment_status":"closed","ping_status":"closed","template":"","meta":{"footnotes":""},"class_list":["post-30","page","type-page","status-publish","hentry"],"_links":{"self":[{"href":"https:\/\/www.artsteps.de\/index.php?rest_route=\/wp\/v2\/pages\/30","targetHints":{"allow":["GET"]}}],"collection":[{"href":"https:\/\/www.artsteps.de\/index.php?rest_route=\/wp\/v2\/pages"}],"about":[{"href":"https:\/\/www.artsteps.de\/index.php?rest_route=\/wp\/v2\/types\/page"}],"author":[{"embeddable":true,"href":"https:\/\/www.artsteps.de\/index.php?rest_route=\/wp\/v2\/users\/4"}],"replies":[{"embeddable":true,"href":"https:\/\/www.artsteps.de\/index.php?rest_route=%2Fwp%2Fv2%2Fcomments&post=30"}],"version-history":[{"count":16,"href":"https:\/\/www.artsteps.de\/index.php?rest_route=\/wp\/v2\/pages\/30\/revisions"}],"predecessor-version":[{"id":111,"href":"https:\/\/www.artsteps.de\/index.php?rest_route=\/wp\/v2\/pages\/30\/revisions\/111"}],"wp:attachment":[{"href":"https:\/\/www.artsteps.de\/index.php?rest_route=%2Fwp%2Fv2%2Fmedia&parent=30"}],"curies":[{"name":"wp","href":"https:\/\/api.w.org\/{rel}","templated":true}]}}